{"id":149,"date":"2024-03-27T14:11:34","date_gmt":"2024-03-27T14:11:34","guid":{"rendered":"https:\/\/onmars.es\/?post_type=product&#038;p=149"},"modified":"2025-05-24T21:44:21","modified_gmt":"2025-05-24T21:44:21","slug":"social-media-fans-followers-bundle","status":"publish","type":"product","link":"https:\/\/techonload.com\/?product=social-media-fans-followers-bundle","title":{"rendered":"Social Media Fans &#038; Followers Bundle"},"content":{"rendered":"<p><span style=\"font-weight: 400;\">$<\/span><b>700<\/b><\/p>\n<ul>\n<li style=\"font-weight: 400;\" aria-level=\"1\"><span style=\"font-weight: 400;\">Pago \u00fanico<\/span><\/li>\n<li aria-level=\"1\">1000 Fans &amp; Followers<\/li>\n<li style=\"font-weight: 400;\" aria-level=\"1\"><i><span style=\"font-weight: 400;\">Sin suscripci\u00f3n mensual<\/span><\/i><\/li>\n<li style=\"font-weight: 400;\" aria-level=\"1\"><span style=\"font-weight: 400;\">Seguidores Premium Certificados<\/span><\/li>\n<li style=\"font-weight: 400;\" aria-level=\"1\"><i><span style=\"font-weight: 400;\">a qui\u00e9n le gustar\u00e1 y participar\u00e1<\/span><\/i><\/li>\n<li style=\"font-weight: 400;\" aria-level=\"1\"><span style=\"font-weight: 400;\">No se requiere contrase\u00f1a<\/span><\/li>\n<li style=\"font-weight: 400;\" aria-level=\"1\"><i><span style=\"font-weight: 400;\">Para que tu cuenta de Instagram o facebook permanezca protegida<\/span><\/i><\/li>\n<li style=\"font-weight: 400;\" aria-level=\"1\"><span style=\"font-weight: 400;\">Entrega Garantizada<\/span><\/li>\n<li style=\"font-weight: 400;\" aria-level=\"1\"><i><span style=\"font-weight: 400;\">La entrega comienza en los primeros 15 minutos<\/span><\/i><\/li>\n<li style=\"font-weight: 400;\" aria-level=\"1\"><span style=\"font-weight: 400;\">Entrega completa en 0-12 d\u00edas habiles\u00a0<\/span><\/li>\n<\/ul>\n<h2 class=\"title-heading-left fusion-responsive-typography-calculated\" data-fontsize=\"32\" data-lineheight=\"36.8px\">Analizamos su nicho y le proporcionamos las estrategias perfectas para hacer crecer su cuenta de red social.<\/h2>\n","protected":false},"excerpt":{"rendered":"<p>Con nuestros 3 a\u00f1os de experiencia en marketing de Instagram, ONMARS ahora ofrece algoritmos y estrategias de segmentaci\u00f3n por IA para llegar a los seguidores org\u00e1nicos de Instagram y facebook que se comprometer\u00e1n con su contenido y nicho de actividad.<\/p>\n","protected":false},"featured_media":29,"comment_status":"open","ping_status":"closed","template":"","meta":{"_et_pb_use_builder":"","_et_pb_old_content":"","_et_gb_content_width":"","pagelayer_contact_templates":[],"_pagelayer_content":""},"product_brand":[],"product_cat":[15],"product_tag":[],"class_list":{"0":"post-149","1":"product","2":"type-product","3":"status-publish","4":"has-post-thumbnail","6":"product_cat-media-packs","8":"first","9":"instock","10":"sale","11":"virtual","12":"purchasable","13":"product-type-simple"},"_links":{"self":[{"href":"https:\/\/techonload.com\/index.php?rest_route=\/wp\/v2\/product\/149","targetHints":{"allow":["GET"]}}],"collection":[{"href":"https:\/\/techonload.com\/index.php?rest_route=\/wp\/v2\/product"}],"about":[{"href":"https:\/\/techonload.com\/index.php?rest_route=\/wp\/v2\/types\/product"}],"replies":[{"embeddable":true,"href":"https:\/\/techonload.com\/index.php?rest_route=%2Fwp%2Fv2%2Fcomments&post=149"}],"wp:featuredmedia":[{"embeddable":true,"href":"https:\/\/techonload.com\/index.php?rest_route=\/wp\/v2\/media\/29"}],"wp:attachment":[{"href":"https:\/\/techonload.com\/index.php?rest_route=%2Fwp%2Fv2%2Fmedia&parent=149"}],"wp:term":[{"taxonomy":"product_brand","embeddable":true,"href":"https:\/\/techonload.com\/index.php?rest_route=%2Fwp%2Fv2%2Fproduct_brand&post=149"},{"taxonomy":"product_cat","embeddable":true,"href":"https:\/\/techonload.com\/index.php?rest_route=%2Fwp%2Fv2%2Fproduct_cat&post=149"},{"taxonomy":"product_tag","embeddable":true,"href":"https:\/\/techonload.com\/index.php?rest_route=%2Fwp%2Fv2%2Fproduct_tag&post=149"}],"curies":[{"name":"wp","href":"https:\/\/api.w.org\/{rel}","templated":true}]}}