{"id":185,"date":"2024-12-10T16:17:59","date_gmt":"2024-12-10T16:17:59","guid":{"rendered":"https:\/\/techonload.com\/?post_type=product&#038;p=185"},"modified":"2024-12-10T16:17:59","modified_gmt":"2024-12-10T16:17:59","slug":"camara-ip-hikvision-ds-2cd2t23g0-i5-poe","status":"publish","type":"product","link":"https:\/\/techonload.com\/?product=camara-ip-hikvision-ds-2cd2t23g0-i5-poe","title":{"rendered":"C\u00e1mara IP Hikvision DS-2CD2T23G0-I5 POE"},"content":{"rendered":"<p>C\u00e1mara IP Hikvision DS-2CD2T23G0-I5 2MP PRO IR50m 2.8mm H265+ POE <img decoding=\"async\" class=\"alignnone lazyload\" data-src=\"https:\/\/www.securame.com\/2934-large_default\/camara-ip-hikvision-ds2cd2t23g0i5-2mp-pro-ir50m-28mm-h265-poe-sd-wdr.jpg\" alt=\"C\u00e1mara IP Hikvision    DS-2CD2T23G0-I5 2MP PRO IR50m 2.8mm H265+ POE SD WDR\" width=\"800\" height=\"800\" src=\"data:image\/svg+xml;base64,PHN2ZyB3aWR0aD0iMSIgaGVpZ2h0PSIxIiB4bWxucz0iaHR0cDovL3d3dy53My5vcmcvMjAwMC9zdmciPjwvc3ZnPg==\" style=\"--smush-placeholder-width: 800px; --smush-placeholder-aspect-ratio: 800\/800;\" \/><\/p>\n<p>C\u00e1mara bullet de tecnolog\u00eda IP y resoluci\u00f3n 2 Megapixeles (1920&#215;1080 @25ips). \u00d3ptica fija 2.8 mm. Compresi\u00f3n H.265+\/H.265\/H.264+\/H.264.Sensor CMOS 1\/2.8&#8243; con conmutaci\u00f3n d\u00eda\/noche mediante filtro mec\u00e1nico.Sensibilidad en color 0,01 Lux.LEDS IR EXIR alcance 50m.WDR real 120dB, BLC, Defog, EIS, 3D DNR, ROI.-Especificaciones de red:Salida Ethernet 10\/100MTriple streaming de videoServidor Web integrado Internet ExplorerCompatible con ONVIF, ISAPI.Hasta 6 usuarios simult\u00e1neosSoporta tarjeta SD hasta 128GB ( tarjeta no incluida).-Detecci\u00f3n:B\u00e1sica: movimiento, tamper de v\u00eddeo, excepciones.Avanzada: intrusi\u00f3n, cruce de l\u00ednea, detecci\u00f3n facial.- Especificaciones generales:Nivel de protecci\u00f3n: IP66.Instalaci\u00f3n en exterior.Alimentaci\u00f3n 12 VDC max 600 mA y PoE (802.3 af).Dimensiones: \u00d8 105 \u00d7 L 300 mm.<\/p>\n","protected":false},"excerpt":{"rendered":"<div id=\"attachment_181\" style=\"width: 310px\" class=\"wp-caption alignnone\"><img decoding=\"async\" aria-describedby=\"caption-attachment-181\" class=\"size-medium wp-image-181 lazyload\" data-src=\"http:\/\/techonload.com\/wp-content\/uploads\/2024\/11\/511usur1LsL-300x141.jpg\" alt=\"\" width=\"300\" height=\"141\" src=\"data:image\/svg+xml;base64,PHN2ZyB3aWR0aD0iMSIgaGVpZ2h0PSIxIiB4bWxucz0iaHR0cDovL3d3dy53My5vcmcvMjAwMC9zdmciPjwvc3ZnPg==\" style=\"--smush-placeholder-width: 300px; --smush-placeholder-aspect-ratio: 300\/141;\" \/><p id=\"caption-attachment-181\" class=\"wp-caption-text\">Version 1.0.0<\/p><\/div>\n","protected":false},"featured_media":181,"comment_status":"open","ping_status":"closed","template":"","meta":{"_et_pb_use_builder":"","_et_pb_old_content":"","_et_gb_content_width":"","pagelayer_contact_templates":[],"_pagelayer_content":""},"product_brand":[],"product_cat":[19],"product_tag":[],"class_list":{"0":"post-185","1":"product","2":"type-product","3":"status-publish","4":"has-post-thumbnail","6":"product_cat-hardaware-security","8":"first","9":"instock","10":"sale","11":"shipping-taxable","12":"purchasable","13":"product-type-simple"},"_links":{"self":[{"href":"https:\/\/techonload.com\/index.php?rest_route=\/wp\/v2\/product\/185","targetHints":{"allow":["GET"]}}],"collection":[{"href":"https:\/\/techonload.com\/index.php?rest_route=\/wp\/v2\/product"}],"about":[{"href":"https:\/\/techonload.com\/index.php?rest_route=\/wp\/v2\/types\/product"}],"replies":[{"embeddable":true,"href":"https:\/\/techonload.com\/index.php?rest_route=%2Fwp%2Fv2%2Fcomments&post=185"}],"wp:featuredmedia":[{"embeddable":true,"href":"https:\/\/techonload.com\/index.php?rest_route=\/wp\/v2\/media\/181"}],"wp:attachment":[{"href":"https:\/\/techonload.com\/index.php?rest_route=%2Fwp%2Fv2%2Fmedia&parent=185"}],"wp:term":[{"taxonomy":"product_brand","embeddable":true,"href":"https:\/\/techonload.com\/index.php?rest_route=%2Fwp%2Fv2%2Fproduct_brand&post=185"},{"taxonomy":"product_cat","embeddable":true,"href":"https:\/\/techonload.com\/index.php?rest_route=%2Fwp%2Fv2%2Fproduct_cat&post=185"},{"taxonomy":"product_tag","embeddable":true,"href":"https:\/\/techonload.com\/index.php?rest_route=%2Fwp%2Fv2%2Fproduct_tag&post=185"}],"curies":[{"name":"wp","href":"https:\/\/api.w.org\/{rel}","templated":true}]}}