{"id":234,"date":"2025-05-26T16:05:56","date_gmt":"2025-05-26T16:05:56","guid":{"rendered":"https:\/\/techonload.com\/?post_type=product&#038;p=234"},"modified":"2025-05-26T16:05:56","modified_gmt":"2025-05-26T16:05:56","slug":"cat6a-outdoor-ethernet-wall-plate-weatherproof-ip67-rj45","status":"publish","type":"product","link":"https:\/\/techonload.com\/?product=cat6a-outdoor-ethernet-wall-plate-weatherproof-ip67-rj45","title":{"rendered":"CAT6A Outdoor Ethernet Wall Plate Weatherproof IP67 RJ45"},"content":{"rendered":"<p>CAT6A Outdoor Ethernet Wall Plate Weatherproof IP67 RJ45 Jack Bulkhead Connector Patch STP<\/p>\n<table align=\"center\">\n<tbody>\n<tr>\n<td>\n<div id=\"ds_div\">\n<p class=\"p1\"><strong>Esta placa de pared CAT6A exterior \/ interior Ethernet RJ45 con conector Ethernet impermeable<\/strong><\/p>\n<p class=\"p2\">Las placas de pared para exteriores \/ interiores de una sola banda de grado industrial son la soluci\u00f3n perfecta para tus aplicaciones de red en entornos expuestos a elementos, aire salado, polvo, desechos, alto calor y m\u00e1s. Nuestras placas de pared para exteriores \/ interiores con conectores clave RJ45 de mamparo CAT6 prolongan significativamente la vida \u00fatil de una conexi\u00f3n Ethernet, protegi\u00e9ndola del agua u otra posible contaminaci\u00f3n y corrosi\u00f3n. Estas placas de pared industriales de una sola banda est\u00e1n disponibles en configuraciones de 1 puerto y 2 puertos y tienen clasificaci\u00f3n IP67.<\/p>\n<p class=\"p1\"><strong>Soluci\u00f3n perfecta para redes en lugares como f\u00e1bricas, almacenes, talleres mec\u00e1nicos, estadios, salas de conferencias, estadios al aire libre, cocinas de restaurantes industriales, bares al aire libre, lugares de playa y m\u00e1s.\u00a0<\/strong><\/p>\n<p class=\"p1\">\n<p class=\"p1\"><strong>Caracter\u00edsticas del producto:<\/strong><\/p>\n<ul class=\"ul1\">\n<li class=\"li3\"><strong>Cantidad: 1<\/strong><\/li>\n<\/ul>\n<ul class=\"ul1\">\n<li class=\"li3\">Conector RJ45: RJ45 hembra a RJ45 hembra<\/li>\n<\/ul>\n<ul class=\"ul1\">\n<li class=\"li3\">1 o 2 puertos\u00a0<b>CAT6A<\/b>\u00a0Acoplador de mampara Ethernet de montaje en panel industrial blindado con tapa de agua\/polvo<\/li>\n<\/ul>\n<ul class=\"ul1\">\n<li class=\"li3\">Pin de contacto chapado en oro de 50 micras<\/li>\n<\/ul>\n<ul class=\"ul1\">\n<li class=\"li3\">Protecci\u00f3n de mamparo de agua IP67<\/li>\n<\/ul>\n<ul class=\"ul1\">\n<li class=\"li3\">Placa de pared de acero inoxidable resistente al agua<\/li>\n<\/ul>\n<ul class=\"ul1\">\n<li class=\"li3\">Para interiores \/ exteriores<\/li>\n<\/ul>\n<ul class=\"ul1\">\n<li class=\"li3\">Placa de pared de acero inoxidable con tornillos de montaje (incluidos)<\/li>\n<\/ul>\n<\/div>\n<\/td>\n<\/tr>\n<\/tbody>\n<\/table>\n","protected":false},"excerpt":{"rendered":"<p><img decoding=\"async\" class=\"alignnone size-medium wp-image-235 lazyload\" data-src=\"http:\/\/techonload.com\/wp-content\/uploads\/2025\/05\/WhatsApp-Image-2025-05-26-at-09.59.45-300x145.jpeg\" alt=\"\" width=\"300\" height=\"145\" src=\"data:image\/svg+xml;base64,PHN2ZyB3aWR0aD0iMSIgaGVpZ2h0PSIxIiB4bWxucz0iaHR0cDovL3d3dy53My5vcmcvMjAwMC9zdmciPjwvc3ZnPg==\" style=\"--smush-placeholder-width: 300px; --smush-placeholder-aspect-ratio: 300\/145;\" \/><\/p>\n","protected":false},"featured_media":235,"comment_status":"open","ping_status":"closed","template":"","meta":{"_et_pb_use_builder":"","_et_pb_old_content":"","_et_gb_content_width":"","pagelayer_contact_templates":[],"_pagelayer_content":""},"product_brand":[],"product_cat":[15],"product_tag":[],"class_list":{"0":"post-234","1":"product","2":"type-product","3":"status-publish","4":"has-post-thumbnail","6":"product_cat-media-packs","8":"first","9":"instock","10":"sale","11":"shipping-taxable","12":"purchasable","13":"product-type-simple"},"_links":{"self":[{"href":"https:\/\/techonload.com\/index.php?rest_route=\/wp\/v2\/product\/234","targetHints":{"allow":["GET"]}}],"collection":[{"href":"https:\/\/techonload.com\/index.php?rest_route=\/wp\/v2\/product"}],"about":[{"href":"https:\/\/techonload.com\/index.php?rest_route=\/wp\/v2\/types\/product"}],"replies":[{"embeddable":true,"href":"https:\/\/techonload.com\/index.php?rest_route=%2Fwp%2Fv2%2Fcomments&post=234"}],"wp:featuredmedia":[{"embeddable":true,"href":"https:\/\/techonload.com\/index.php?rest_route=\/wp\/v2\/media\/235"}],"wp:attachment":[{"href":"https:\/\/techonload.com\/index.php?rest_route=%2Fwp%2Fv2%2Fmedia&parent=234"}],"wp:term":[{"taxonomy":"product_brand","embeddable":true,"href":"https:\/\/techonload.com\/index.php?rest_route=%2Fwp%2Fv2%2Fproduct_brand&post=234"},{"taxonomy":"product_cat","embeddable":true,"href":"https:\/\/techonload.com\/index.php?rest_route=%2Fwp%2Fv2%2Fproduct_cat&post=234"},{"taxonomy":"product_tag","embeddable":true,"href":"https:\/\/techonload.com\/index.php?rest_route=%2Fwp%2Fv2%2Fproduct_tag&post=234"}],"curies":[{"name":"wp","href":"https:\/\/api.w.org\/{rel}","templated":true}]}}