{"id":312,"date":"2026-01-23T18:20:34","date_gmt":"2026-01-23T18:20:34","guid":{"rendered":"https:\/\/techonload.com\/?post_type=product&#038;p=312"},"modified":"2026-01-23T18:20:35","modified_gmt":"2026-01-23T18:20:35","slug":"headset-gaming-logitech-g435-inalambrico-lightspeed-usb-bluetooth","status":"publish","type":"product","link":"https:\/\/techonload.com\/?product=headset-gaming-logitech-g435-inalambrico-lightspeed-usb-bluetooth","title":{"rendered":"HEADSET GAMING LOGITECH G435 INAL\u00c1MBRICO LIGHTSPEED (USB\/ BLUETOOTH)"},"content":{"rendered":"<p>\u2013 Conectividad: Inal\u00e1mbrico LIGHTSPEED (USB-A) y Bluetooth. Compatible con PC, macOS, PS4\/PS5 (est\u00e9reo), Nintendo Switch (BT) y m\u00f3viles.<br \/>\n\u2013 Sonido: Transductores de 40 mm, respuesta de frecuencia 20 Hz \u2013 20 kHz, impedancia 45 ohmios, sensibilidad 83,1 dB SPL\/mW. Compatible con Dolby Atmos, Tempest 3D AudioTech y Windows Sonic.<br \/>\n\u2013 Micr\u00f3fono: 2 micr\u00f3fonos integrados con formaci\u00f3n de haces, respuesta de frecuencia 100 Hz \u2013 8 kHz, cancelaci\u00f3n de ruido de fondo.<br \/>\n\u2013 Autonom\u00eda: Hasta 18 horas de bater\u00eda. Puerto de carga USB-C (incluye cable USB-A a USB-C).<br \/>\n\u2013 Comodidad: Peso ultraligero de 0.165 kg, dise\u00f1o compacto con buena ergonom\u00eda. Ideal para sesiones prolongadas.<br \/>\n\u2013 Controles: Integrados en el auricular (control de volumen, encendido y Bluetooth).<br \/>\n\u2013 Compatibilidad: Windows 10 o posterior, macOS 10.14 o posterior, PlayStation 4 y 5 (est\u00e9reo), Nintendo Switch (v\u00eda Bluetooth), m\u00f3viles y otros dispositivos Bluetooth.<\/p>\n","protected":false},"excerpt":{"rendered":"<p>\u2013 Conectividad: Inal\u00e1mbrico LIGHTSPEED (USB-A) y Bluetooth. Compatible con PC, macOS, PS4\/PS5 (est\u00e9reo), Nintendo Switch (BT) y m\u00f3viles. \u2013 Sonido: Transductores de 40 mm, respuesta de frecuencia 20 Hz \u2013 20 kHz, impedancia 45 ohmios, sensibilidad 83,1 dB SPL\/mW. Compatible con Dolby Atmos, Tempest 3D AudioTech y Windows Sonic. \u2013 Micr\u00f3fono: 2 micr\u00f3fonos integrados con [&hellip;]<\/p>\n","protected":false},"featured_media":313,"comment_status":"open","ping_status":"closed","template":"","meta":{"_et_pb_use_builder":"","_et_pb_old_content":"","_et_gb_content_width":"","pagelayer_contact_templates":[],"_pagelayer_content":""},"product_brand":[],"product_cat":[15],"product_tag":[],"class_list":{"0":"post-312","1":"product","2":"type-product","3":"status-publish","4":"has-post-thumbnail","6":"product_cat-media-packs","8":"first","9":"instock","10":"sale","11":"shipping-taxable","12":"purchasable","13":"product-type-simple"},"_links":{"self":[{"href":"https:\/\/techonload.com\/index.php?rest_route=\/wp\/v2\/product\/312","targetHints":{"allow":["GET"]}}],"collection":[{"href":"https:\/\/techonload.com\/index.php?rest_route=\/wp\/v2\/product"}],"about":[{"href":"https:\/\/techonload.com\/index.php?rest_route=\/wp\/v2\/types\/product"}],"replies":[{"embeddable":true,"href":"https:\/\/techonload.com\/index.php?rest_route=%2Fwp%2Fv2%2Fcomments&post=312"}],"wp:featuredmedia":[{"embeddable":true,"href":"https:\/\/techonload.com\/index.php?rest_route=\/wp\/v2\/media\/313"}],"wp:attachment":[{"href":"https:\/\/techonload.com\/index.php?rest_route=%2Fwp%2Fv2%2Fmedia&parent=312"}],"wp:term":[{"taxonomy":"product_brand","embeddable":true,"href":"https:\/\/techonload.com\/index.php?rest_route=%2Fwp%2Fv2%2Fproduct_brand&post=312"},{"taxonomy":"product_cat","embeddable":true,"href":"https:\/\/techonload.com\/index.php?rest_route=%2Fwp%2Fv2%2Fproduct_cat&post=312"},{"taxonomy":"product_tag","embeddable":true,"href":"https:\/\/techonload.com\/index.php?rest_route=%2Fwp%2Fv2%2Fproduct_tag&post=312"}],"curies":[{"name":"wp","href":"https:\/\/api.w.org\/{rel}","templated":true}]}}