{"id":330,"date":"2026-03-24T03:07:48","date_gmt":"2026-03-24T03:07:48","guid":{"rendered":"https:\/\/techonload.com\/?post_type=product&#038;p=330"},"modified":"2026-03-24T03:07:49","modified_gmt":"2026-03-24T03:07:49","slug":"tarjeta-de-memoria-siemens-s7-cpu-s7-1x00","status":"publish","type":"product","link":"https:\/\/techonload.com\/?product=tarjeta-de-memoria-siemens-s7-cpu-s7-1x00","title":{"rendered":"Tarjeta de memoria Siemens S7 CPU S7-1X00"},"content":{"rendered":"<p><img decoding=\"async\" class=\"alignnone size-medium wp-image-331 lazyload\" data-src=\"http:\/\/techonload.com\/wp-content\/uploads\/2026\/03\/R2008959-01-300x169.webp\" alt=\"\" width=\"300\" height=\"169\" data-srcset=\"https:\/\/techonload.com\/wp-content\/uploads\/2026\/03\/R2008959-01-300x169.webp 300w, https:\/\/techonload.com\/wp-content\/uploads\/2026\/03\/R2008959-01-768x432.webp 768w, https:\/\/techonload.com\/wp-content\/uploads\/2026\/03\/R2008959-01-980x552.webp 980w, https:\/\/techonload.com\/wp-content\/uploads\/2026\/03\/R2008959-01-480x270.webp 480w, https:\/\/techonload.com\/wp-content\/uploads\/2026\/03\/R2008959-01-600x338.webp 600w, https:\/\/techonload.com\/wp-content\/uploads\/2026\/03\/R2008959-01.webp 998w\" data-sizes=\"(max-width: 300px) 100vw, 300px\" src=\"data:image\/svg+xml;base64,PHN2ZyB3aWR0aD0iMSIgaGVpZ2h0PSIxIiB4bWxucz0iaHR0cDovL3d3dy53My5vcmcvMjAwMC9zdmciPjwvc3ZnPg==\" style=\"--smush-placeholder-width: 300px; --smush-placeholder-aspect-ratio: 300\/169;\" \/><\/p>\n<table class=\"w-full table-auto border-separate border-spacing-0 bg-white\" data-testid=\"specification-attributes-desktop\">\n<thead>\n<tr class=\"h-11 text-left font-bold leading-snug\">\n<th class=\"border-b-2 border-mono-100 px-4\">Atributo<\/th>\n<th class=\"border-b-2 border-mono-100 px-4\">Valor<\/th>\n<\/tr>\n<\/thead>\n<tbody class=\"text-sm\">\n<tr class=\"break-words odd:bg-white even:bg-mono-50\">\n<td class=\"border-b border-mono-100 px-4 py-2\">\n<div class=\"group\/checkbox relative inline-flex items-start align-top\" data-testid=\"specification-attribute-desktop-0\"><input id=\"_R_iqjafgl4m_\" class=\"peer absolute left-0 top-0 size-6 cursor-pointer opacity-[0.0001] disabled:cursor-default\" type=\"checkbox\" \/><\/div>\n<\/td>\n<td class=\"border-b border-mono-100 px-4 py-2\">Marca<\/td>\n<td class=\"border-b border-mono-100 px-4 py-2\">Siemens<\/td>\n<\/tr>\n<tr class=\"break-words odd:bg-white even:bg-mono-50\">\n<td class=\"border-b border-mono-100 px-4 py-2\">\n<div class=\"group\/checkbox relative inline-flex items-start align-top\" data-testid=\"specification-attribute-desktop-1\"><input id=\"_R_kqjafgl4m_\" class=\"peer absolute left-0 top-0 size-6 cursor-pointer opacity-[0.0001] disabled:cursor-default\" type=\"checkbox\" \/><\/div>\n<\/td>\n<td class=\"border-b border-mono-100 px-4 py-2\">Tipo de Accesorio<\/td>\n<td class=\"border-b border-mono-100 px-4 py-2\">Tarjeta de memoria<\/td>\n<\/tr>\n<tr class=\"break-words odd:bg-white even:bg-mono-50\">\n<td class=\"border-b border-mono-100 px-4 py-2\">\n<div class=\"group\/checkbox relative inline-flex items-start align-top\" data-testid=\"specification-attribute-desktop-2\"><input id=\"_R_mqjafgl4m_\" class=\"peer absolute left-0 top-0 size-6 cursor-pointer opacity-[0.0001] disabled:cursor-default\" type=\"checkbox\" \/><\/div>\n<\/td>\n<td class=\"border-b border-mono-100 px-4 py-2\">Serie<\/td>\n<td class=\"border-b border-mono-100 px-4 py-2\">S7<\/td>\n<\/tr>\n<tr class=\"break-words odd:bg-white even:bg-mono-50\">\n<td class=\"border-b border-mono-100 px-4 py-2\">\n<div class=\"group\/checkbox relative inline-flex items-start align-top\" data-testid=\"specification-attribute-desktop-3\"><input id=\"_R_oqjafgl4m_\" class=\"peer absolute left-0 top-0 size-6 cursor-pointer opacity-[0.0001] disabled:cursor-default\" type=\"checkbox\" \/><\/div>\n<\/td>\n<td class=\"border-b border-mono-100 px-4 py-2\">Para Uso con<\/td>\n<td class=\"border-b border-mono-100 px-4 py-2\">CPU S7-1X00<\/td>\n<\/tr>\n<tr class=\"break-words odd:bg-white even:bg-mono-50\">\n<td class=\"border-b border-mono-100 px-4 py-2\">\n<div class=\"group\/checkbox relative inline-flex items-start align-top\" data-testid=\"specification-attribute-desktop-4\"><input id=\"_R_qqjafgl4m_\" class=\"peer absolute left-0 top-0 size-6 cursor-pointer opacity-[0.0001] disabled:cursor-default\" type=\"checkbox\" \/><\/div>\n<\/td>\n<td class=\"border-b border-mono-100 px-4 py-2\">Dimensiones<\/td>\n<td class=\"border-b border-mono-100 px-4 py-2\">32 mm x 24 mm x 2,1 mm<\/td>\n<\/tr>\n<\/tbody>\n<\/table>\n<h3 class=\"font-oswald text-lg font-bold\" data-testid=\"descriptive-content-main-header\"><b>Tarjeta de memoria Siemens, tipo de memoria Flash EPROM, peso de 3 g &#8211; Serie SIMATIC &#8211; 6ES7954-8LL03-0AA0<\/b><\/h3>\n<p>&nbsp;<\/p>\n<div>\n<div class=\"[&amp;&gt;ul]:list-inside [&amp;&gt;ul]:pl-8\" data-testid=\"descriptive-content-item\">Almacene de manera segura la informaci\u00f3n de la aplicaci\u00f3n y los programas con esta tarjeta de memoria de Siemens. Se utiliza con un PLC compatible para que las instrucciones de preajuste se puedan enviar repetidamente a las piezas conectadas de la maquinaria. Esto significa que la unidad trabaja en casa como parte de operaciones de automatizaci\u00f3n industrial, rob\u00f3tica o procesamiento. Realiza hasta 200.000 operaciones de escritura y eliminaci\u00f3n por hora sin ca\u00edda de rendimiento, por lo que puede confiar en \u00e9l para manejar aplicaciones exigentes. Gracias a su tipo de memoria, es adecuado para programas de solo lectura.<\/div>\n<\/div>\n<p>&nbsp;<\/p>\n<h3 class=\"font-oswald text-lg font-bold\" data-testid=\"descriptive-content-main-header\"><b>Caracter\u00edsticas y ventajas<\/b><\/h3>\n<p>&nbsp;<\/p>\n<div>\n<div class=\"[&amp;&gt;ul]:list-inside [&amp;&gt;ul]:pl-8\" data-testid=\"descriptive-content-item\">\u2022 La gran memoria de 256 MB significa que puede guardar grandes vol\u00famenes de informaci\u00f3n<br \/>\n\u2022 Dimensiones de 32 (Alt.) x 24 (Anch.) x 2,1 mm (Prof.) para encajar perfectamente en su m\u00f3dulo PLC<br \/>\n\u2022 Bloqueable para evitar la p\u00e9rdida accidental de datos<\/div>\n<\/div>\n<p>&nbsp;<\/p>\n<h3 class=\"font-oswald text-lg font-bold\" data-testid=\"descriptive-content-main-header\"><b>\u00bfDurante cu\u00e1nto tiempo conserva los datos esta tarjeta de memoria?<\/b><\/h3>\n<p>&nbsp;<\/p>\n<div>\n<div class=\"[&amp;&gt;ul]:list-inside [&amp;&gt;ul]:pl-8\" data-testid=\"descriptive-content-item\">Conserva los datos durante 10 a\u00f1os si hay menos de 20.000 procesos de eliminaci\u00f3n y escritura. Si estos procesos son superiores a 180.000, los datos se conservan durante un a\u00f1o.<\/div>\n<\/div>\n<p>&nbsp;<\/p>\n<h3 class=\"font-oswald text-lg font-bold\" data-testid=\"descriptive-content-main-header\"><b>\u00bfCu\u00e1l es la ventaja del tipo de memoria EPROM flash de esta tarjeta?<\/b><\/h3>\n<p>&nbsp;<\/p>\n<div>\n<div class=\"[&amp;&gt;ul]:list-inside [&amp;&gt;ul]:pl-8\" data-testid=\"descriptive-content-item\">La memoria Flash EPROM es ideal para aplicaciones de almacenamiento de datos, ya que la informaci\u00f3n se registra y reescribe f\u00e1cilmente electr\u00f3nicamente.<\/div>\n<\/div>\n","protected":false},"excerpt":{"rendered":"<p>Atributo Valor Marca Siemens Tipo de Accesorio Tarjeta de memoria Serie S7 Para Uso con CPU S7-1X00 Dimensiones 32 mm x 24 mm x 2,1 mm Tarjeta de memoria Siemens, tipo de memoria Flash EPROM, peso de 3 g &#8211; Serie SIMATIC &#8211; 6ES7954-8LL03-0AA0 &nbsp; Almacene de manera segura la informaci\u00f3n de la aplicaci\u00f3n y [&hellip;]<\/p>\n","protected":false},"featured_media":331,"comment_status":"open","ping_status":"closed","template":"","meta":{"_et_pb_use_builder":"","_et_pb_old_content":"","_et_gb_content_width":"","pagelayer_contact_templates":[],"_pagelayer_content":""},"product_brand":[],"product_cat":[19],"product_tag":[],"class_list":{"0":"post-330","1":"product","2":"type-product","3":"status-publish","4":"has-post-thumbnail","6":"product_cat-hardaware-security","8":"first","9":"instock","10":"sale","11":"shipping-taxable","12":"purchasable","13":"product-type-simple"},"_links":{"self":[{"href":"https:\/\/techonload.com\/index.php?rest_route=\/wp\/v2\/product\/330","targetHints":{"allow":["GET"]}}],"collection":[{"href":"https:\/\/techonload.com\/index.php?rest_route=\/wp\/v2\/product"}],"about":[{"href":"https:\/\/techonload.com\/index.php?rest_route=\/wp\/v2\/types\/product"}],"replies":[{"embeddable":true,"href":"https:\/\/techonload.com\/index.php?rest_route=%2Fwp%2Fv2%2Fcomments&post=330"}],"wp:featuredmedia":[{"embeddable":true,"href":"https:\/\/techonload.com\/index.php?rest_route=\/wp\/v2\/media\/331"}],"wp:attachment":[{"href":"https:\/\/techonload.com\/index.php?rest_route=%2Fwp%2Fv2%2Fmedia&parent=330"}],"wp:term":[{"taxonomy":"product_brand","embeddable":true,"href":"https:\/\/techonload.com\/index.php?rest_route=%2Fwp%2Fv2%2Fproduct_brand&post=330"},{"taxonomy":"product_cat","embeddable":true,"href":"https:\/\/techonload.com\/index.php?rest_route=%2Fwp%2Fv2%2Fproduct_cat&post=330"},{"taxonomy":"product_tag","embeddable":true,"href":"https:\/\/techonload.com\/index.php?rest_route=%2Fwp%2Fv2%2Fproduct_tag&post=330"}],"curies":[{"name":"wp","href":"https:\/\/api.w.org\/{rel}","templated":true}]}}