{"id":332,"date":"2026-03-27T21:37:13","date_gmt":"2026-03-27T21:37:13","guid":{"rendered":"https:\/\/techonload.com\/?post_type=product&#038;p=332"},"modified":"2026-03-27T21:37:13","modified_gmt":"2026-03-27T21:37:13","slug":"siemens-p1x30mc250a-250a-3-phase-6wire","status":"publish","type":"product","link":"https:\/\/techonload.com\/?product=siemens-p1x30mc250a-250a-3-phase-6wire","title":{"rendered":"Siemens P1X30MC250A 250A 3 PHASE 6WIRE"},"content":{"rendered":"<p><img decoding=\"async\" class=\"alignnone size-medium wp-image-333 lazyload\" data-src=\"http:\/\/techonload.com\/wp-content\/uploads\/2026\/03\/portada_0S1000-300x300.png\" alt=\"\" width=\"300\" height=\"300\" src=\"data:image\/svg+xml;base64,PHN2ZyB3aWR0aD0iMSIgaGVpZ2h0PSIxIiB4bWxucz0iaHR0cDovL3d3dy53My5vcmcvMjAwMC9zdmciPjwvc3ZnPg==\" style=\"--smush-placeholder-width: 300px; --smush-placeholder-aspect-ratio: 300\/300;\" \/><\/p>\n<p>Siemens P1X30MC250A 250A 3 fases 6 hilos 208\/120V centro de carga\/tablero del panel<\/p>\n<div class=\"flex flex-col space-y-1\">\n<ul class=\"space-y-0\">\n<li class=\"flex items-center rounded-md transition-all duration-200 hover:bg-gray-50 dark:hover:bg-gray-700 p-0.5 md:p-1\"><span class=\"text-sm md:text-base text-gray-700 dark:text-gray-100 font-normal\">Interior 30 circuitos para interruptores BL\/BQD<\/span><button class=\"p-1 hover:bg-gray-100 dark:hover:bg-gray-700 rounded transition-colors\" title=\"Copiar Caracter\u00edstica\" aria-label=\"Copiar Caracter\u00edstica\"><\/button><\/li>\n<li class=\"flex items-center rounded-md transition-all duration-200 hover:bg-gray-50 dark:hover:bg-gray-700 p-0.5 md:p-1\"><span class=\"text-sm md:text-base text-gray-700 dark:text-gray-100 font-normal\">3F, 6H con voltaje 220\/127 \u00f3 480\/277 Vca<\/span><button class=\"p-1 hover:bg-gray-100 dark:hover:bg-gray-700 rounded transition-colors\" title=\"Copiar Caracter\u00edstica\" aria-label=\"Copiar Caracter\u00edstica\"><\/button><\/li>\n<li class=\"flex items-center rounded-md transition-all duration-200 hover:bg-gray-50 dark:hover:bg-gray-700 p-0.5 md:p-1\"><span class=\"text-sm md:text-base text-gray-700 dark:text-gray-100 font-normal\">Barras de aluminio para mayor eficiencia el\u00e9ctrica<\/span><button class=\"p-1 hover:bg-gray-100 dark:hover:bg-gray-700 rounded transition-colors\" title=\"Copiar Caracter\u00edstica\" aria-label=\"Copiar Caracter\u00edstica\"><\/button><\/li>\n<li class=\"flex items-center rounded-md transition-all duration-200 hover:bg-gray-50 dark:hover:bg-gray-700 p-0.5 md:p-1\"><span class=\"text-sm md:text-base text-gray-700 dark:text-gray-100 font-normal\">Dise\u00f1o compacto para f\u00e1cil instalaci\u00f3n<\/span><button class=\"p-1 hover:bg-gray-100 dark:hover:bg-gray-700 rounded transition-colors\" title=\"Copiar Caracter\u00edstica\" aria-label=\"Copiar Caracter\u00edstica\"><\/button><\/li>\n<li class=\"flex items-center rounded-md transition-all duration-200 hover:bg-gray-50 dark:hover:bg-gray-700 p-0.5 md:p-1\"><span class=\"text-sm md:text-base text-gray-700 dark:text-gray-100 font-normal\">Compatible con est\u00e1ndares industriales<\/span><button class=\"p-1 hover:bg-gray-100 dark:hover:bg-gray-700 rounded transition-colors\" title=\"Copiar Caracter\u00edstica\" aria-label=\"Copiar Caracter\u00edstica\"><\/button><\/li>\n<li class=\"flex items-center rounded-md transition-all duration-200 hover:bg-gray-50 dark:hover:bg-gray-700 p-0.5 md:p-1\"><span class=\"text-sm md:text-base text-gray-700 dark:text-gray-100 font-normal\">Alta durabilidad en condiciones exigentes<\/span><button class=\"p-1 hover:bg-gray-100 dark:hover:bg-gray-700 rounded transition-colors\" title=\"Copiar Caracter\u00edstica\" aria-label=\"Copiar Caracter\u00edstica\"><\/button><\/li>\n<\/ul>\n<\/div>\n<div class=\"flex flex-col space-y-1 mt-1\">\n<ul class=\"space-y-0\">\n<li class=\"flex items-center p-0.5 md:p-1 rounded-md transition-all duration-200 hover:bg-gray-50 dark:hover:bg-gray-700\">\n<div class=\"flex items-center space-x-2\"><span class=\"text-sm md:text-base text-gray-600 dark:text-gray-400 font-normal\">Modelo:<\/span><span class=\"text-sm md:text-base text-blue-500 dark:text-blue-300 font-normal\">P1E30MC250AT6<\/span><button class=\"p-1 hover:bg-gray-100 dark:hover:bg-gray-700 rounded transition-colors\" title=\"Copiar Modelo\" aria-label=\"Copiar Modelo\"><\/button><\/div>\n<\/li>\n<li class=\"flex items-center p-0.5 md:p-1 rounded-md transition-all duration-200 hover:bg-gray-50 dark:hover:bg-gray-700\">\n<div class=\"flex items-center space-x-2\"><span class=\"text-sm md:text-base text-gray-600 dark:text-gray-400 font-medium\">Marca:<\/span><a class=\"text-sm md:text-base text-blue-500 dark:text-blue-300 hover:underline font-medium\" href=\"https:\/\/www.syscom.mx\/products?query=SIEMENS&amp;marcas%5B0%5D=SIEMENS\">SIEMENS<\/a><button class=\"p-1 hover:bg-gray-100 dark:hover:bg-gray-700 rounded transition-colors\" title=\"Copiar Marca\" aria-label=\"Copiar Marca\"><\/button><button class=\"p-1 hover:bg-gray-100 dark:hover:bg-gray-700 rounded transition-colors\" title=\"Copiar C\u00f3digo SAT\" aria-label=\"Copiar C\u00f3digo SAT\"><\/button><\/div>\n<\/li>\n<\/ul>\n<\/div>\n","protected":false},"excerpt":{"rendered":"<p>Siemens P1X30MC250A 250A 3 fases 6 hilos 208\/120V centro de carga\/tablero del panel Interior 30 circuitos para interruptores BL\/BQD 3F, 6H con voltaje 220\/127 \u00f3 480\/277 Vca Barras de aluminio para mayor eficiencia el\u00e9ctrica Dise\u00f1o compacto para f\u00e1cil instalaci\u00f3n Compatible con est\u00e1ndares industriales Alta durabilidad en condiciones exigentes Modelo:P1E30MC250AT6 Marca:SIEMENS<\/p>\n","protected":false},"featured_media":333,"comment_status":"open","ping_status":"closed","template":"","meta":{"_et_pb_use_builder":"","_et_pb_old_content":"","_et_gb_content_width":"","pagelayer_contact_templates":[],"_pagelayer_content":""},"product_brand":[],"product_cat":[19],"product_tag":[],"class_list":{"0":"post-332","1":"product","2":"type-product","3":"status-publish","4":"has-post-thumbnail","6":"product_cat-hardaware-security","8":"first","9":"instock","10":"sale","11":"shipping-taxable","12":"purchasable","13":"product-type-simple"},"_links":{"self":[{"href":"https:\/\/techonload.com\/index.php?rest_route=\/wp\/v2\/product\/332","targetHints":{"allow":["GET"]}}],"collection":[{"href":"https:\/\/techonload.com\/index.php?rest_route=\/wp\/v2\/product"}],"about":[{"href":"https:\/\/techonload.com\/index.php?rest_route=\/wp\/v2\/types\/product"}],"replies":[{"embeddable":true,"href":"https:\/\/techonload.com\/index.php?rest_route=%2Fwp%2Fv2%2Fcomments&post=332"}],"wp:featuredmedia":[{"embeddable":true,"href":"https:\/\/techonload.com\/index.php?rest_route=\/wp\/v2\/media\/333"}],"wp:attachment":[{"href":"https:\/\/techonload.com\/index.php?rest_route=%2Fwp%2Fv2%2Fmedia&parent=332"}],"wp:term":[{"taxonomy":"product_brand","embeddable":true,"href":"https:\/\/techonload.com\/index.php?rest_route=%2Fwp%2Fv2%2Fproduct_brand&post=332"},{"taxonomy":"product_cat","embeddable":true,"href":"https:\/\/techonload.com\/index.php?rest_route=%2Fwp%2Fv2%2Fproduct_cat&post=332"},{"taxonomy":"product_tag","embeddable":true,"href":"https:\/\/techonload.com\/index.php?rest_route=%2Fwp%2Fv2%2Fproduct_tag&post=332"}],"curies":[{"name":"wp","href":"https:\/\/api.w.org\/{rel}","templated":true}]}}